{"id":1276,"date":"2024-08-19T22:47:36","date_gmt":"2024-08-19T21:47:36","guid":{"rendered":"https:\/\/signals2trade.com\/?page_id=1276"},"modified":"2024-08-20T07:38:42","modified_gmt":"2024-08-20T06:38:42","slug":"risk-disclaimer","status":"publish","type":"page","link":"https:\/\/signals2trade.com\/de\/pl\/risk-disclaimer\/","title":{"rendered":"Zastrze\u017cenie dotycz\u0105ce ryzyka"},"content":{"rendered":"<div data-elementor-type=\"wp-page\" data-elementor-id=\"1276\" class=\"elementor elementor-1276\" data-elementor-post-type=\"page\">\n\t\t\t\t<div class=\"elementor-element elementor-element-14a4b99 e-flex e-con-boxed e-con e-parent\" data-id=\"14a4b99\" data-element_type=\"container\" data-e-type=\"container\">\n\t\t\t\t\t<div class=\"e-con-inner\">\n\t\t\t\t<div class=\"elementor-element elementor-element-b7dbca6 elementor-widget elementor-widget-heading\" data-id=\"b7dbca6\" data-element_type=\"widget\" data-e-type=\"widget\" data-widget_type=\"heading.default\">\n\t\t\t\t<div class=\"elementor-widget-container\">\n\t\t\t\t\t<h2 class=\"elementor-heading-title elementor-size-default\">Zastrze\u017cenie dotycz\u0105ce ryzyka<\/h2>\t\t\t\t<\/div>\n\t\t\t\t<\/div>\n\t\t\t\t<div class=\"elementor-element elementor-element-a427f83 elementor-widget__width-inherit elementor-widget-tablet__width-inherit elementor-widget elementor-widget-text-editor\" data-id=\"a427f83\" data-element_type=\"widget\" data-e-type=\"widget\" data-widget_type=\"text-editor.default\">\n\t\t\t\t<div class=\"elementor-widget-container\">\n\t\t\t\t\t\t\t\t\t<style>\n<!-- \/* Font Definitions *\/ @font-face {font-family:\"Cambria Math\"; panose-1:2 4 5 3 5 4 6 3 2 4;} @font-face {font-family:Aptos;} @font-face {font-family:Roboto;} \/* Style Definitions *\/ p.MsoNormal, li.MsoNormal, div.MsoNormal {margin-top:0cm; margin-right:0cm; margin-bottom:8.0pt; margin-left:0cm; line-height:107%; font-size:11.0pt; font-family:\"Aptos\",sans-serif;} p {margin-right:0cm; margin-left:0cm; font-size:12.0pt; font-family:\"Times New Roman\",serif;} .MsoChpDefault {font-family:\"Aptos\",sans-serif;} .MsoPapDefault {margin-bottom:8.0pt; line-height:107%;} @page WordSection1 {size:595.3pt 841.9pt; margin:70.85pt 70.85pt 2.0cm 70.85pt;} div.WordSection1 {page:WordSection1;} --><br \/>\n<\/style>\n\n&nbsp;\n\n&nbsp;\n<div class=\"WordSection1\">\n<p style=\"background: white;\"><span style=\"font-size: 9.0pt; font-family: Roboto; color: #6e6b6b;\">Ujawnienie ryzyka: Handel instrumentami finansowymi,\ninstrumentami pochodnymi i\/lub kryptowalutami wi\u0105\u017ce si\u0119 z wysokim poziomem ryzyka.\nryzyko, w tym ryzyko utraty cz\u0119\u015bci lub ca\u0142o\u015bci zainwestowanej kwoty.\nzainwestowanej kwoty. W zale\u017cno\u015bci od inwestycji, utracie mo\u017ce podlega\u0107 wi\u0119cej ni\u017c zainwestowany kapita\u0142.\nni\u017c zainwestowany kapita\u0142. Dlatego chcieliby\u015bmy zdecydowanie podkre\u015bli\u0107, \u017ce handel na gie\u0142dzie\nmo\u017ce nie by\u0107 odpowiedni dla wszystkich inwestor\u00f3w. Ceny indeks\u00f3w, federalnych,\ntowar\u00f3w, kryptowalut i par walutowych s\u0105 niezwykle zmienne i mog\u0105 na nie wp\u0142ywa\u0107 czynniki zewn\u0119trzne, takie jak\nmog\u0105 mie\u0107 wp\u0142yw czynniki zewn\u0119trzne, takie jak wydarzenia finansowe, regulacyjne lub polityczne.\nwydarzenia.<\/span><\/p>\n<p style=\"background: white;\"><span style=\"font-size: 9.0pt; font-family: Roboto; color: #6e6b6b;\">Wyra\u017anie zaznaczamy, \u017ce The Funds Holding Ltd. i powi\u0105zane marki nie s\u0105 lokalnymi licencjonowanymi dostawcami us\u0142ug finansowych.\nAssociated Brand Names nie s\u0105 lokalnymi licencjonowanymi dostawcami us\u0142ug finansowych i\nnie zapewniamy licencjonowanego wymaganego doradztwa finansowego i\/lub wsparcia. Ponadto\nPonadto nie zapewniamy wymaganych licencj\u0105 rekomendacji inwestycyjnych,\nlicencjonowanego wymaganego zarz\u0105dzania portfelem finansowym ani po\u015brednictwa inwestycyjnego.\nczasie. Ostateczne plasowanie jest przeprowadzane przez PuPrime Ltd..<\/span><\/p>\n<p style=\"background: white;\"><span style=\"font-size: 9.0pt; font-family: Roboto; color: #6e6b6b;\">Ujawnienie ryzyka: Handel instrumentami finansowymi i\/lub\nkryptowalutami wi\u0105\u017ce si\u0119 z wysokim poziomem ryzyka i nie jest w pe\u0142ni zalecany,\nw tym ryzyko utraty cz\u0119\u015bci lub ca\u0142o\u015bci kwoty inwestycji i mo\u017ce nie by\u0107\nby\u0107 odpowiedni dla wszystkich inwestor\u00f3w. Ceny kryptowalut i par walutowych s\u0105 niezwykle zmienne i mog\u0105\ni par walutowych s\u0105 niezwykle zmienne i mog\u0105 na nie wp\u0142ywa\u0107 czynniki zewn\u0119trzne, takie jak\nwydarzenia finansowe, regulacyjne lub polityczne. Handel z depozytem zabezpieczaj\u0105cym zwi\u0119ksza\nryzyko finansowe. Nie jeste\u015bmy dostawc\u0105 us\u0142ug finansowych ani w Niemczech, ani w Zjednoczonych Emiratach Arabskich.\nani w Zjednoczonych Emiratach Arabskich i w \u017cadnym momencie nie oferujemy porad finansowych, rekomendacji inwestycyjnych ani po\u015brednictwa inwestycyjnego.\nrekomendacji inwestycyjnych ani po\u015brednictwa inwestycyjnego. Nie\nzarz\u0105dzamy kapita\u0142em os\u00f3b trzecich i nie oferujemy zarz\u0105dzania kontem.<\/span><\/p>\n<p style=\"background: white;\"><span style=\"font-size: 9.0pt; font-family: Roboto; color: #6e6b6b;\">Po\u015brednictwo w zamkni\u0119ciu jest prowadzone przez PuPrime Ltd, brokera\nbroker.<\/span><\/p>\n<p style=\"background: white;\"><span style=\"font-size: 9.0pt; font-family: Roboto; color: #6e6b6b;\">The Funds Holding Ltd. nie jest licencjonowan\u0105 wymagan\u0105 firm\u0105 \u015bwiadcz\u0105c\u0105 us\u0142ugi inwestycyjne, licencjonowan\u0105 wymagan\u0105 firm\u0105 inwestycyjn\u0105 ani firm\u0105 inwestycyjn\u0105.\ninwestycyjn\u0105, licencjonowan\u0105 wymagan\u0105 firm\u0105 inwestycyjn\u0105 ani korporacj\u0105 inwestycyjn\u0105.\ninwestycyjn\u0105. <\/span><\/p>\n<p style=\"background: white;\"><span style=\"font-size: 9.0pt; font-family: Roboto; color: #6e6b6b;\">Oferujemy wy\u0142\u0105cznie CopyTrading. Oznacza to, \u017ce handlujemy naszymi kontraktami CFD\ni oferujemy zainteresowanym stronom mo\u017cliwo\u015b\u0107 kopiowania tych pozycji poprzez handel spo\u0142eczno\u015bciowy.\npozycji poprzez handel spo\u0142eczno\u015bciowy. Nie dzia\u0142amy jako konsultanci lub\npo\u015brednik\u00f3w i wyra\u017anie dystansujemy si\u0119 od nich. W\nCopyTrading, ka\u017cde powi\u0105zane konto handluje na w\u0142asne ryzyko z pe\u0142n\u0105 w\u0142asno\u015bci\u0105.\nw\u0142asno\u015bci\u0105. Ponadto oferujemy zarz\u0105dzanie aktywami oparte na CFD jako specjaln\u0105 form\u0119 kopiowania\nkt\u00f3ra nie jest wymagana lokalnie<\/span><\/p>\n<p style=\"background: white;\"><span style=\"font-size: 9.0pt; font-family: Roboto; color: #6e6b6b;\">Us\u0142uga sygnalizacyjna: Nasza us\u0142uga sygnalizacyjna w \u017cadnym momencie nie jest\nrekomendacj\u0105 inwestycyjn\u0105. W naszej us\u0142udze udost\u0119pniamy jedynie mo\u017cliwo\u015b\u0107 przej\u0119cia\nprzej\u0119cia naszych pozycji handlowych. Odbywa si\u0119 to zawsze ca\u0142kowicie autonomicznie\nprzez osoby trzecie i nie stanowi rekomendacji inwestycyjnej ani inwestycyjnej.\nRyzyko i odpowiedzialno\u015b\u0107 spoczywaj\u0105 zawsze na kliencie. Przekazywanie\nsygna\u0142\u00f3w, znanych r\u00f3wnie\u017c jako pozycje handlowe, jest zabronione. Sygna\u0142y mog\u0105\nby\u0107 przedmiotem obrotu na w\u0142asn\u0105 odpowiedzialno\u015b\u0107 na dowolnym rachunku handlowym u dowolnego brokera.\nna w\u0142asn\u0105 odpowiedzialno\u015b\u0107. W ten spos\u00f3b nie gwarantujemy zdarze\u0144 i nie ponosimy \u017cadnej\nodpowiedzialno\u015bci za jakiekolwiek straty lub zyski, kt\u00f3re mog\u0105 si\u0119 pojawi\u0107.<\/span><\/p>\n<p style=\"background: white;\"><span style=\"font-size: 9.0pt; font-family: Roboto; color: #6e6b6b;\">The Funds Holding Ltd. wyst\u0119puje tutaj pod mark\u0105\nPowi\u0105zane nazwy marek. Nie zapewniamy licencjonowanego wymaganego doradztwa inwestycyjnego,\nlicencjonowanych wymaganych rekomendacji inwestycyjnych, licencjonowanych wymaganych porad dotycz\u0105cych portfela\nani licencjonowanego wymaganego zarz\u0105dzania kapita\u0142em. Nasze oferty wyra\u017anie wskazuj\u0105, \u017ce\n\u017ce za wszystkie pozycje i dzia\u0142ania odpowiedzialno\u015b\u0107 ponosi klient lub nabywca produktu.\nklienta lub nabywcy produktu.<\/span><\/p>\n<p style=\"background: white;\"><span style=\"font-size: 9.0pt; font-family: Roboto; color: #6e6b6b;\">Informacje rynkowe i\/lub wiadomo\u015bci, analizy lub strategie s\u0105 jedynie\nprywatne i osobiste podej\u015bcia, kt\u00f3re mog\u0105 by\u0107 prezentowane w celach edukacyjnych. W ten spos\u00f3b\nW ten spos\u00f3b u\u017cytkownik zapewnia, \u017ce nie postrzega tego jako\nrekomendacji.<\/span><\/p>\n<p style=\"background: white;\"><span style=\"font-size: 9.0pt; font-family: Roboto; color: #6e6b6b;\">Nasze analizy i opinie opieraj\u0105 si\u0119 na og\u00f3lnodost\u0119pnych\nbazach wiedzy, takich jak https:\/\/www.investing.com. Prosimy o zapoznanie si\u0119\ni traktowa\u0107 nasze wypowiedzi jako osobiste opinie.<\/span><\/p>\n<p style=\"background: white;\"><span style=\"font-size: 9.0pt; font-family: Roboto; color: #6e6b6b;\">Nale\u017cy pami\u0119ta\u0107, \u017ce handel instrumentami finansowymi zawsze wi\u0105\u017ce si\u0119 z\nryzykiem. W zale\u017cno\u015bci od brokera mog\u0105 wyst\u0105pi\u0107 straty przekraczaj\u0105ce saldo rachunku.\nsalda. Poinformuj si\u0119 wcze\u015bniej o og\u00f3lnym ryzyku. Handel opcjami,\nCFD, CFD, akcjami i podobnymi notowanymi na gie\u0142dzie finansowymi instrumentami pochodnymi opiera si\u0119 na\nzdarzeniach spekulacyjnych. W zwi\u0105zku z tym dzia\u0142amy zgodnie z prawdopodobie\u0144stwem, a nie zgodnie z zabezpieczeniem.\ndo zabezpieczenia.<\/span><\/p>\n<p style=\"background: white;\"><span style=\"font-size: 9.0pt; font-family: Roboto; color: #6e6b6b;\">Produkty finansowe z d\u017awigni\u0105 finansow\u0105 mog\u0105 oferowa\u0107 zwi\u0119kszony potencja\u0142 ryzyka.\ni powinny by\u0107 u\u017cywane wy\u0142\u0105cznie przez kompetentne osoby. Nie mo\u017cemy zapewni\u0107\nporad w tym zakresie i nie udzielamy \u017cadnych zalece\u0144.<\/span><\/p>\n<p style=\"background: white;\"><span style=\"font-size: 9.0pt; font-family: Roboto; color: #6e6b6b;\">Dostarczone materia\u0142y edukacyjne s\u0142u\u017c\u0105 wy\u0142\u0105cznie jako\nmateria\u0142y do u\u017cytku osobistego. Jednak wynikaj\u0105ce z nich dzia\u0142ania odbywaj\u0105 si\u0119\nca\u0142kowicie autonomicznie i na pe\u0142n\u0105 odpowiedzialno\u015b\u0107 u\u017cytkownika.<\/span><\/p>\n<p style=\"background: white;\"><span style=\"font-size: 9.0pt; font-family: Roboto; color: #6e6b6b;\">Nasze portfolio us\u0142ug obejmuje kopiowanie transakcji (prosimy o\no legalno\u015bci i innych zasadach przed rozpocz\u0119ciem kopiowania transakcji w swoim kraju zamieszkania.\nkraju zamieszkania), us\u0142ug\u0119 sygna\u0142u (brak rekomendacji inwestycyjnych,\ntylko pokazywane wej\u015bcia i wyj\u015bcia z pozycji handlowej oraz materia\u0142y do nauki samodzielnego handlu na gie\u0142dzie.\nniezale\u017cnego handlu na gie\u0142dzie.<\/span><\/p>\n<p style=\"background: white;\"><span style=\"font-size: 9.0pt; font-family: Roboto; color: #6e6b6b;\">Nie gwarantujemy zysk\u00f3w z \u017cadnej z naszych us\u0142ug i nie ponosimy\nponosimy \u017cadnej odpowiedzialno\u015bci za jakiekolwiek zdarzenia, takie jak zyski lub straty.<\/span><\/p>\n<p style=\"background: white;\"><span style=\"font-size: 9.0pt; font-family: Roboto; color: #6e6b6b;\">W zwi\u0105zku z tym \u017cadne rekomendacje inwestycyjne, transakcje bankowe,\ndoradztwo inwestycyjne, zarz\u0105dzanie kontem lub inne us\u0142ugi efektywne finansowo\ns\u0105 \u015bwiadczone. Otrzymuj\u0105c jedn\u0105 z naszych us\u0142ug, u\u017cytkownik wyra\u017ca zgod\u0119 na niniejsze warunki\nwarunki i zapewnia, \u017ce jest \u015bwiadomy ryzyka, \u017ce jest w stanie je\noceni\u0107 je osobi\u015bcie i \u017ce dzia\u0142a ca\u0142kowicie na w\u0142asn\u0105 odpowiedzialno\u015b\u0107.<\/span><\/p>\n<p style=\"background: white;\"><span style=\"font-size: 9.0pt; font-family: Roboto; color: #6e6b6b;\">Jako u\u017cytkownik lub zainteresowana strona, prosimy o wcze\u015bniejsze poinformowanie si\u0119\no sytuacji podatkowej us\u0142ug takich jak te. Handel na rynkach \u015bwiatowych\npodlega rygorystycznym zasadom, a korzy\u015bci finansowe i dochody musz\u0105 by\u0107 opodatkowane\nzgodnie z sytuacj\u0105 prawn\u0105 w kraju\/miejscu zamieszkania u\u017cytkownika.\nzamieszkania. Ponownie, nie udzielamy \u017cadnych rekomendacji ani porad.\n\nInne i alternatywne us\u0142ugi b\u0119d\u0105 obs\u0142ugiwane zgodnie z lokalnymi wymogami prawnymi.\nwymaganiami prawnymi.<\/span><\/p>\n<p class=\"MsoNormal\"><\/p>\n\n<\/div>\n&nbsp;\n\n&nbsp;\t\t\t\t\t\t\t\t<\/div>\n\t\t\t\t<\/div>\n\t\t\t\t\t<\/div>\n\t\t\t\t<\/div>\n\t\t\t\t<\/div>","protected":false},"excerpt":{"rendered":"<p>Risk Disclaimer &nbsp; &nbsp; Risk disclosure: Trading in financial instruments, exchange-traded derivatives and\/or cryptocurrencies involves a high level of risk at all times, including the risk of losing part or all of the amount invested. Depending on the investment, more than the invested capital may also be lost. Therefore, we would like to strongly point [&hellip;]<\/p>\n","protected":false},"author":1,"featured_media":0,"parent":0,"menu_order":0,"comment_status":"closed","ping_status":"closed","template":"elementor_header_footer","meta":{"footnotes":""},"class_list":["post-1276","page","type-page","status-publish","hentry"],"_links":{"self":[{"href":"https:\/\/signals2trade.com\/de\/pl\/wp-json\/wp\/v2\/pages\/1276","targetHints":{"allow":["GET"]}}],"collection":[{"href":"https:\/\/signals2trade.com\/de\/pl\/wp-json\/wp\/v2\/pages"}],"about":[{"href":"https:\/\/signals2trade.com\/de\/pl\/wp-json\/wp\/v2\/types\/page"}],"author":[{"embeddable":true,"href":"https:\/\/signals2trade.com\/de\/pl\/wp-json\/wp\/v2\/users\/1"}],"replies":[{"embeddable":true,"href":"https:\/\/signals2trade.com\/de\/pl\/wp-json\/wp\/v2\/comments?post=1276"}],"version-history":[{"count":15,"href":"https:\/\/signals2trade.com\/de\/pl\/wp-json\/wp\/v2\/pages\/1276\/revisions"}],"predecessor-version":[{"id":1366,"href":"https:\/\/signals2trade.com\/de\/pl\/wp-json\/wp\/v2\/pages\/1276\/revisions\/1366"}],"wp:attachment":[{"href":"https:\/\/signals2trade.com\/de\/pl\/wp-json\/wp\/v2\/media?parent=1276"}],"curies":[{"name":"wp","href":"https:\/\/api.w.org\/{rel}","templated":true}]}}