{"id":1275,"date":"2024-08-19T22:47:30","date_gmt":"2024-08-19T21:47:30","guid":{"rendered":"https:\/\/signals2trade.com\/?page_id=1275"},"modified":"2024-08-20T07:49:01","modified_gmt":"2024-08-20T06:49:01","slug":"legal","status":"publish","type":"page","link":"https:\/\/signals2trade.com\/de\/pl\/legal\/","title":{"rendered":"Prawne"},"content":{"rendered":"<div data-elementor-type=\"wp-page\" data-elementor-id=\"1275\" class=\"elementor elementor-1275\" data-elementor-post-type=\"page\">\n\t\t\t\t<div class=\"elementor-element elementor-element-854fc64 e-flex e-con-boxed e-con e-parent\" data-id=\"854fc64\" data-element_type=\"container\" data-e-type=\"container\">\n\t\t\t\t\t<div class=\"e-con-inner\">\n\t\t\t\t<div class=\"elementor-element elementor-element-add7b5e elementor-widget elementor-widget-heading\" data-id=\"add7b5e\" data-element_type=\"widget\" data-e-type=\"widget\" data-widget_type=\"heading.default\">\n\t\t\t\t<div class=\"elementor-widget-container\">\n\t\t\t\t\t<h2 class=\"elementor-heading-title elementor-size-default\">Prawne<\/h2>\t\t\t\t<\/div>\n\t\t\t\t<\/div>\n\t\t\t\t<div class=\"elementor-element elementor-element-1eee466 elementor-widget__width-inherit elementor-widget-tablet__width-inherit elementor-widget elementor-widget-text-editor\" data-id=\"1eee466\" data-element_type=\"widget\" data-e-type=\"widget\" data-widget_type=\"text-editor.default\">\n\t\t\t\t<div class=\"elementor-widget-container\">\n\t\t\t\t\t\t\t\t\t<style>\n<!-- \/* Font Definitions *\/ @font-face {font-family:Wingdings; panose-1:5 0 0 0 0 0 0 0 0 0;} @font-face {font-family:PMingLiU; panose-1:2 2 5 0 0 0 0 0 0 0;} @font-face {font-family:\"Cambria Math\"; panose-1:2 4 5 3 5 4 6 3 2 4;} @font-face {font-family:Aptos;} @font-face {font-family:\"Open Sans\";} @font-face {font-family:\"\\@PMingLiU\"; panose-1:2 1 6 1 0 1 1 1 1 1;} \/* Style Definitions *\/ p.MsoNormal, li.MsoNormal, div.MsoNormal {margin-top:0cm; margin-right:0cm; margin-bottom:8.0pt; margin-left:0cm; line-height:107%; font-size:11.0pt; font-family:\"Aptos\",sans-serif;} h4 {mso-style-link:\"\u00dcberschrift 4 Zchn\"; margin-top:4.0pt; margin-right:0cm; margin-bottom:2.0pt; margin-left:0cm; line-height:107%; page-break-after:avoid; font-size:11.0pt; font-family:\"Aptos\",sans-serif; color:#0F4761; font-weight:normal; font-style:italic;} span.berschrift4Zchn {mso-style-name:\"\u00dcberschrift 4 Zchn\"; mso-style-link:\"\u00dcberschrift 4\"; font-family:\"PMingLiU\",serif; color:#0F4761; font-style:italic;} .MsoChpDefault {font-family:\"Aptos\",sans-serif;} .MsoPapDefault {margin-bottom:8.0pt; line-height:107%;} @page WordSection1 {size:595.3pt 841.9pt; margin:70.85pt 70.85pt 2.0cm 70.85pt;} div.WordSection1 {page:WordSection1;} \/* List Definitions *\/ ol {margin-bottom:0cm;} ul {margin-bottom:0cm;} --><br \/>\n<\/style>\n\n&nbsp;\n\n&nbsp;\n<div class=\"WordSection1\">\n<p class=\"MsoNormal\" style=\"margin-bottom: 21.0pt; line-height: normal; background: white; vertical-align: baseline;\"><span lang=\"EN-US\" style=\"font-size: 12.0pt; font-family: Roboto; color: black;\">Ostrze\u017cenie o ryzyku: Przedstawione produkty s\u0105 przedmiotem obrotu na\ndepozycie zabezpieczaj\u0105cym i wi\u0105\u017c\u0105 si\u0119 z wysokim poziomem ryzyka.\nkapita\u0142u. Produkty te mog\u0105 nie by\u0107 odpowiednie dla ka\u017cdego i nale\u017cy upewni\u0107 si\u0119, \u017ce\n\u017ce rozumiesz zwi\u0105zane z nimi ryzyko.<\/span><\/p>\n<p class=\"MsoNormal\" style=\"margin-bottom: 21.0pt; line-height: normal; background: white; vertical-align: baseline;\"><span lang=\"EN-US\" style=\"font-size: 12.0pt; font-family: Roboto; color: black;\">Gdyby The Fund Holding Ltd. dzia\u0142a\u0142 w UE\nUE nie potrzebowa\u0142aby licencji ze wzgl\u0119du na specjalne przepisy w EOG, gdzie opublikowano oficjalne o\u015bwiadczenie\nzosta\u0142o opublikowane oficjalne o\u015bwiadczenie niemieckiego organu regulacyjnego BaFin, kt\u00f3re z jednej strony opisuje model biznesowy\nz jednej strony opisuje model biznesowy The Funds Holding Ltd. Ten model biznesowy nie wymaga licencji.\nModel biznesowy nie wymaga licencji na unijne standardy MiFID II zgodnie z innym o\u015bwiadczeniem\no\u015bwiadczenie niemieckiego organu regulacyjnego ds. produkt\u00f3w finansowych. Oba o\u015bwiadczenia mo\u017cna\nznale\u017a\u0107 poni\u017cej<\/span><\/p>\n<p class=\"MsoNormal\" style=\"margin-bottom: 21.0pt; line-height: normal; background: white; vertical-align: baseline;\"><span lang=\"EN-US\" style=\"font-size: 12.0pt; font-family: Roboto; color: black;\">https:\/\/www.bafin.de\/DE\/Aufsicht\/FinTech\/Geschaeftsmodelle\/BeratungsHandelssysteme\/BeratungsHandelssysteme_node.html<\/span><\/p>\n<p class=\"MsoNormal\" style=\"margin-bottom: 21.0pt; line-height: normal; background: white; vertical-align: baseline;\"><span lang=\"EN-US\" style=\"font-size: 12.0pt; font-family: Roboto; color: black;\">https:\/\/www.bafin.de\/DE\/Verbraucher\/Finanzwissen\/Fintech\/SocialTrading\/social_trading_node.html<\/span><\/p>\n<p class=\"MsoNormal\" style=\"margin-bottom: 21.0pt; line-height: normal; background: white; vertical-align: baseline;\"><span lang=\"EN-US\" style=\"font-size: 12.0pt; font-family: Roboto; color: black;\">The Funds Holding Ltd. mo\u017ce ujawnia\u0107 sw\u00f3j w\u0142asny portfel papier\u00f3w warto\u015bciowych i publicznie\nportfel papier\u00f3w warto\u015bciowych i publicznie wykonuje decyzje handlowe i zlecenia na papiery warto\u015bciowe.\nzlecenia. Zasadniczo nie stanowi to dzia\u0142alno\u015bci gospodarczej, kt\u00f3ra\nwymaga zezwolenia na mocy KWG lub WpIG.<\/span><\/p>\n<p class=\"MsoNormal\" style=\"margin-bottom: 21.0pt; line-height: normal; background: white; vertical-align: baseline;\"><span lang=\"EN-US\" style=\"font-size: 12.0pt; font-family: Roboto; color: black;\">Still The Funds Holding Ltd. nie jest skierowany do\nmieszka\u0144c\u00f3w Wielkiej Brytanii i UE, gdzie nie jest licencjonowany i mo\u017ce wykracza\u0107 poza\neuropejskich ram regulacyjnych MiFID II i brytyjskiej FCA. The Funds Holding\nLtd. nie oferuje swoich us\u0142ug mieszka\u0144com niekt\u00f3rych jurysdykcji, takich jak\nAfganistan, Albania, Samoa Ameryka\u0144skie, Australia, Bia\u0142oru\u015b, Bermudy, Bo\u015bnia i Hercegowina, Botswana.\nBo\u015bnia i Hercegowina, Botswana, Kanada, Republika \u015arodkowoafryka\u0144ska, Chiny, Krym i Sewastopol, Kuba, P\u00f3\u0142nocny\nSewastopol, Kuba, Korea P\u00f3\u0142nocna, Demokratyczna Republika Konga, Egipt,\nErytrea, By\u0142a Federalna Republika Jugos\u0142awii, Gwinea Bissau, Iran, Irak, ISIL (Da'esh) i Al-Kaida.\n(Da'esh) i Al-Kaida, Liban, Libia, Czarnog\u00f3ra, Myanmar, Korea P\u0142n,\nRosja, Serbia, Sewastopol, Sierra Leone, Somalia, Sudan Po\u0142udniowy, Sudan, Syria,\nTalibowie, Stany Zjednoczone, Tunezja, Ukraina, Wyspy Dziewicze Stan\u00f3w Zjednoczonych, Jemen,\nZimbabwe.<\/span><\/p>\n<p class=\"MsoNormal\"><span lang=\"EN-US\">\u00a0<\/span><\/p>\n\n<\/div>\n&nbsp;\n\n&nbsp;\t\t\t\t\t\t\t\t<\/div>\n\t\t\t\t<\/div>\n\t\t\t\t\t<\/div>\n\t\t\t\t<\/div>\n\t\t\t\t<\/div>","protected":false},"excerpt":{"rendered":"<p>Legal &nbsp; &nbsp; Risk Warning: Shown products are traded on margin and carry a high level of risk and it is possible to lose all your capital. These products may not be suitable for everyone and you should ensure that you understand the risks involved. If The Fund Holding Ltd. would operate in the EU [&hellip;]<\/p>\n","protected":false},"author":1,"featured_media":0,"parent":0,"menu_order":0,"comment_status":"closed","ping_status":"closed","template":"elementor_header_footer","meta":{"footnotes":""},"class_list":["post-1275","page","type-page","status-publish","hentry"],"_links":{"self":[{"href":"https:\/\/signals2trade.com\/de\/pl\/wp-json\/wp\/v2\/pages\/1275","targetHints":{"allow":["GET"]}}],"collection":[{"href":"https:\/\/signals2trade.com\/de\/pl\/wp-json\/wp\/v2\/pages"}],"about":[{"href":"https:\/\/signals2trade.com\/de\/pl\/wp-json\/wp\/v2\/types\/page"}],"author":[{"embeddable":true,"href":"https:\/\/signals2trade.com\/de\/pl\/wp-json\/wp\/v2\/users\/1"}],"replies":[{"embeddable":true,"href":"https:\/\/signals2trade.com\/de\/pl\/wp-json\/wp\/v2\/comments?post=1275"}],"version-history":[{"count":11,"href":"https:\/\/signals2trade.com\/de\/pl\/wp-json\/wp\/v2\/pages\/1275\/revisions"}],"predecessor-version":[{"id":1365,"href":"https:\/\/signals2trade.com\/de\/pl\/wp-json\/wp\/v2\/pages\/1275\/revisions\/1365"}],"wp:attachment":[{"href":"https:\/\/signals2trade.com\/de\/pl\/wp-json\/wp\/v2\/media?parent=1275"}],"curies":[{"name":"wp","href":"https:\/\/api.w.org\/{rel}","templated":true}]}}