{"id":1276,"date":"2024-08-19T22:47:36","date_gmt":"2024-08-19T21:47:36","guid":{"rendered":"https:\/\/signals2trade.com\/?page_id=1276"},"modified":"2024-08-20T07:38:42","modified_gmt":"2024-08-20T06:38:42","slug":"risk-disclaimer","status":"publish","type":"page","link":"https:\/\/signals2trade.com\/de\/es\/risk-disclaimer\/","title":{"rendered":"Descargo de responsabilidad"},"content":{"rendered":"<div data-elementor-type=\"wp-page\" data-elementor-id=\"1276\" class=\"elementor elementor-1276\" data-elementor-post-type=\"page\">\n\t\t\t\t<div class=\"elementor-element elementor-element-14a4b99 e-flex e-con-boxed e-con e-parent\" data-id=\"14a4b99\" data-element_type=\"container\" data-e-type=\"container\">\n\t\t\t\t\t<div class=\"e-con-inner\">\n\t\t\t\t<div class=\"elementor-element elementor-element-b7dbca6 elementor-widget elementor-widget-heading\" data-id=\"b7dbca6\" data-element_type=\"widget\" data-e-type=\"widget\" data-widget_type=\"heading.default\">\n\t\t\t\t<div class=\"elementor-widget-container\">\n\t\t\t\t\t<h2 class=\"elementor-heading-title elementor-size-default\">Descargo de responsabilidad<\/h2>\t\t\t\t<\/div>\n\t\t\t\t<\/div>\n\t\t\t\t<div class=\"elementor-element elementor-element-a427f83 elementor-widget__width-inherit elementor-widget-tablet__width-inherit elementor-widget elementor-widget-text-editor\" data-id=\"a427f83\" data-element_type=\"widget\" data-e-type=\"widget\" data-widget_type=\"text-editor.default\">\n\t\t\t\t<div class=\"elementor-widget-container\">\n\t\t\t\t\t\t\t\t\t<style>\n<!-- \/* Font Definitions *\/ @font-face {font-family:\"Cambria Math\"; panose-1:2 4 5 3 5 4 6 3 2 4;} @font-face {font-family:Aptos;} @font-face {font-family:Roboto;} \/* Style Definitions *\/ p.MsoNormal, li.MsoNormal, div.MsoNormal {margin-top:0cm; margin-right:0cm; margin-bottom:8.0pt; margin-left:0cm; line-height:107%; font-size:11.0pt; font-family:\"Aptos\",sans-serif;} p {margin-right:0cm; margin-left:0cm; font-size:12.0pt; font-family:\"Times New Roman\",serif;} .MsoChpDefault {font-family:\"Aptos\",sans-serif;} .MsoPapDefault {margin-bottom:8.0pt; line-height:107%;} @page WordSection1 {size:595.3pt 841.9pt; margin:70.85pt 70.85pt 2.0cm 70.85pt;} div.WordSection1 {page:WordSection1;} --><br \/>\n<\/style>\n\n&nbsp;\n\n&nbsp;\n<div class=\"WordSection1\">\n<p style=\"background: white;\"><span style=\"font-size: 9.0pt; font-family: Roboto; color: #6e6b6b;\">Informaci\u00f3n sobre riesgos: La negociaci\u00f3n de instrumentos financieros\nderivados negociados en bolsa y\/o criptomonedas implica un alto nivel de\nriesgo en todo momento, incluido el riesgo de perder parte o la totalidad del importe\ninvertido. Dependiendo de la inversi\u00f3n, tambi\u00e9n puede perderse m\u00e1s del capital invertido.\ninvertido. Por lo tanto, nos gustar\u00eda se\u00f1alar en\u00e9rgicamente que la negociaci\u00f3n en bolsa\npuede no ser adecuada para todos los inversores. Los precios de los \u00edndices\nmaterias primas, criptodivisas y pares de divisas son extremadamente vol\u00e1tiles y\npueden verse afectados por factores externos como acontecimientos financieros, normativos o pol\u00edticos.\npol\u00edticos.<\/span><\/p>\n<p style=\"background: white;\"><span style=\"font-size: 9.0pt; font-family: Roboto; color: #6e6b6b;\">Se\u00f1alamos expresamente que The Funds Holding Ltd. y las\nMarcas Asociadas no son proveedores locales de servicios financieros autorizados y\nno proporcionamos el asesoramiento y\/o la asistencia financiera requeridos con licencia. En\nAdem\u00e1s, no ofrecemos recomendaciones de inversi\u00f3n bajo licencia,\ngesti\u00f3n de carteras financieras o corretaje de inversiones en ning\u00fan momento.\nen ning\u00fan momento. La colocaci\u00f3n final la lleva a cabo PuPrime Ltd.<\/span><\/p>\n<p style=\"background: white;\"><span style=\"font-size: 9.0pt; font-family: Roboto; color: #6e6b6b;\">Divulgaci\u00f3n de riesgos: La negociaci\u00f3n de instrumentos financieros y\/o\ncriptomonedas implica altos niveles de riesgo y no es totalmente recomendable,\nincluido el riesgo de perder una parte o la totalidad del importe invertido, y puede no ser adecuado para todos los inversores.\npara todos los inversores. Los precios de las criptomonedas y los pares de\nson extremadamente vol\u00e1tiles y pueden verse afectados por factores externos, como acontecimientos financieros, normativos o pol\u00edticos.\nacontecimientos financieros, normativos o pol\u00edticos. Operar con margen aumenta\nlos riesgos financieros. No somos un proveedor de servicios financieros, ni en Alemania\nni en los Emiratos \u00c1rabes Unidos, y no ofrecemos asesoramiento financiero, ni proporcionamos recomendaciones de inversi\u00f3n ni corretaje de inversiones en ning\u00fan momento.\nrecomendaciones de inversi\u00f3n ni corretaje de inversiones en ning\u00fan momento. No gestionamos\ngestionamos el capital de terceros ni ofrecemos gesti\u00f3n de cuentas.<\/span><\/p>\n<p style=\"background: white;\"><span style=\"font-size: 9.0pt; font-family: Roboto; color: #6e6b6b;\">El corretaje de cierre corre a cargo de PuPrime Ltd, el\ncorredor.<\/span><\/p>\n<p style=\"background: white;\"><span style=\"font-size: 9.0pt; font-family: Roboto; color: #6e6b6b;\">The Funds Holding Ltd. no es una empresa de servicios de inversi\u00f3n autorizada\nde servicios de inversi\u00f3n autorizada, una sociedad de inversi\u00f3n autorizada\nde inversi\u00f3n. <\/span><\/p>\n<p style=\"background: white;\"><span style=\"font-size: 9.0pt; font-family: Roboto; color: #6e6b6b;\">S\u00f3lo ofrecemos CopyTrading. Esto significa que negociamos nuestros CFDs\nprivados y ofrecemos a los interesados la oportunidad de copiar estas\nposiciones a trav\u00e9s del trading social. No actuamos como consultores o\nintermediarios en ning\u00fan momento y nos distanciamos expresamente de ellos. En\nCopyTrading, cada cuenta afiliada opera por su cuenta y riesgo con plena\npropiedad. Tambi\u00e9n ofrecemos gesti\u00f3n de activos basada en CFD como forma especial de copy\nque no requiere licencia local.<\/span><\/p>\n<p style=\"background: white;\"><span style=\"font-size: 9.0pt; font-family: Roboto; color: #6e6b6b;\">Servicio de se\u00f1ales: Nuestro servicio de se\u00f1ales no es en ning\u00fan\nrecomendaci\u00f3n de inversi\u00f3n. S\u00f3lo compartimos en nuestro servicio la capacidad de tomar\nnuestras posiciones de trading. Esto se realiza en todo momento de forma totalmente aut\u00f3noma\npor terceros y no constituye una recomendaci\u00f3n de inversi\u00f3n o inversi\u00f3n.\nEl riesgo y la responsabilidad recaen en todo momento en el cliente. La transmisi\u00f3n\nde las se\u00f1ales, tambi\u00e9n conocidas como posiciones de negociaci\u00f3n, est\u00e1 prohibida. Las se\u00f1ales pueden\nnegociarse bajo responsabilidad propia en cualquier cuenta de trading con cualquier broker\npropio. Al hacerlo, no garantizamos acontecimientos y no aceptamos ninguna\nresponsabilidad por las p\u00e9rdidas o ganancias que puedan surgir.<\/span><\/p>\n<p style=\"background: white;\"><span style=\"font-size: 9.0pt; font-family: Roboto; color: #6e6b6b;\">The Funds Holding Ltd. aparece aqu\u00ed bajo la marca\nMarcas asociadas. No proporcionamos asesoramiento de inversi\u00f3n obligatorio bajo licencia,\nrecomendaciones de inversi\u00f3n bajo licencia, asesoramiento de carteras bajo licencia\nni gesti\u00f3n de capital sujeta a licencia. Nuestras ofertas se\u00f1alan expresamente que\ntodas las posiciones y acciones se aplican a la completa responsabilidad personal del\ncliente o del comprador del producto.<\/span><\/p>\n<p style=\"background: white;\"><span style=\"font-size: 9.0pt; font-family: Roboto; color: #6e6b6b;\">La informaci\u00f3n de mercado y\/o noticias, an\u00e1lisis o estrategias son s\u00f3lo\nenfoques privados y personales que pueden presentarse con fines did\u00e1cticos. En\nhacerlo, el usuario asegura que no lo ve como una\nrecomendaci\u00f3n.<\/span><\/p>\n<p style=\"background: white;\"><span style=\"font-size: 9.0pt; font-family: Roboto; color: #6e6b6b;\">Nuestros an\u00e1lisis y opiniones se basan en bases de datos\ncomo https:\/\/www.investing.com. Por favor, inf\u00f3rmese\nen todo momento y considere nuestras afirmaciones como opiniones personales.<\/span><\/p>\n<p style=\"background: white;\"><span style=\"font-size: 9.0pt; font-family: Roboto; color: #6e6b6b;\">Tenga en cuenta que la negociaci\u00f3n de instrumentos financieros\nriesgo. Dependiendo del corredor, pueden producirse p\u00e9rdidas por encima de los saldos de la cuenta.\nde la cuenta. Inf\u00f3rmese de antemano sobre los riesgos generales. Operar con opciones,\nCFD, CFD, acciones y derivados financieros cotizados similares se basa en\neventos especulativos. Por lo tanto, actuamos en funci\u00f3n de probabilidades y no de\na las garant\u00edas.<\/span><\/p>\n<p style=\"background: white;\"><span style=\"font-size: 9.0pt; font-family: Roboto; color: #6e6b6b;\">Los productos financieros con apalancamiento pueden ofrecer un mayor riesgo\ny s\u00f3lo deben ser utilizados por personas competentes. No podemos\nasesoramiento en este sentido y no hacemos recomendaciones.<\/span><\/p>\n<p style=\"background: white;\"><span style=\"font-size: 9.0pt; font-family: Roboto; color: #6e6b6b;\">El material did\u00e1ctico proporcionado s\u00f3lo sirve como material\npara uso personal. Sin embargo, las acciones resultantes tienen lugar\nde forma totalmente aut\u00f3noma y bajo la completa responsabilidad del usuario.<\/span><\/p>\n<p style=\"background: white;\"><span style=\"font-size: 9.0pt; font-family: Roboto; color: #6e6b6b;\">Nuestra cartera de servicios incluye el copy trading (por favor, inf\u00f3rmese\ninformarse sobre la legalidad y otras modalidades antes de iniciar el copy trading en\nsu pa\u00eds de residencia), el servicio de se\u00f1ales (sin recomendaci\u00f3n de inversi\u00f3n,\ns\u00f3lo se muestran las entradas y salidas de una posici\u00f3n de negociaci\u00f3n y material did\u00e1ctico para\nnegociaci\u00f3n independiente en bolsa.<\/span><\/p>\n<p style=\"background: white;\"><span style=\"font-size: 9.0pt; font-family: Roboto; color: #6e6b6b;\">No garantizamos beneficios con ninguno de nuestros servicios y no\naceptamos ninguna responsabilidad por cualquier suceso que ocurra, como beneficios o p\u00e9rdidas.<\/span><\/p>\n<p style=\"background: white;\"><span style=\"font-size: 9.0pt; font-family: Roboto; color: #6e6b6b;\">Por lo tanto, no hay recomendaciones de inversi\u00f3n, transacciones bancarias\nasesoramiento de inversi\u00f3n, gesti\u00f3n de cuentas u otros servicios financieros efectivos\nfinancieros. Al recibir uno de nuestros servicios, el usuario acepta estos t\u00e9rminos y\ncondiciones y asegura que es consciente del riesgo, que es capaz de\nevaluarlo personalmente y que act\u00faa bajo su entera responsabilidad.<\/span><\/p>\n<p style=\"background: white;\"><span style=\"font-size: 9.0pt; font-family: Roboto; color: #6e6b6b;\">Como usuario o interesado, inf\u00f3rmese previamente\nsobre la situaci\u00f3n fiscal de este tipo de servicios. La negociaci\u00f3n en los mercados mundiales\nest\u00e1 sujeta a normas estrictas y los beneficios e ingresos financieros deben tributar\nde acuerdo con la situaci\u00f3n legal de su pa\u00eds o lugar de residencia.\nresidencia. Una vez m\u00e1s, no ofrecemos ninguna recomendaci\u00f3n ni asesoramiento.\n\nOtros servicios alternativos ofrecidos se tratar\u00e1n de acuerdo con los requisitos legales locales.\nlegales locales.<\/span><\/p>\n<p class=\"MsoNormal\"><\/p>\n\n<\/div>\n&nbsp;\n\n&nbsp;\t\t\t\t\t\t\t\t<\/div>\n\t\t\t\t<\/div>\n\t\t\t\t\t<\/div>\n\t\t\t\t<\/div>\n\t\t\t\t<\/div>","protected":false},"excerpt":{"rendered":"<p>Risk Disclaimer &nbsp; &nbsp; Risk disclosure: Trading in financial instruments, exchange-traded derivatives and\/or cryptocurrencies involves a high level of risk at all times, including the risk of losing part or all of the amount invested. Depending on the investment, more than the invested capital may also be lost. Therefore, we would like to strongly point [&hellip;]<\/p>\n","protected":false},"author":1,"featured_media":0,"parent":0,"menu_order":0,"comment_status":"closed","ping_status":"closed","template":"elementor_header_footer","meta":{"footnotes":""},"class_list":["post-1276","page","type-page","status-publish","hentry"],"_links":{"self":[{"href":"https:\/\/signals2trade.com\/de\/es\/wp-json\/wp\/v2\/pages\/1276","targetHints":{"allow":["GET"]}}],"collection":[{"href":"https:\/\/signals2trade.com\/de\/es\/wp-json\/wp\/v2\/pages"}],"about":[{"href":"https:\/\/signals2trade.com\/de\/es\/wp-json\/wp\/v2\/types\/page"}],"author":[{"embeddable":true,"href":"https:\/\/signals2trade.com\/de\/es\/wp-json\/wp\/v2\/users\/1"}],"replies":[{"embeddable":true,"href":"https:\/\/signals2trade.com\/de\/es\/wp-json\/wp\/v2\/comments?post=1276"}],"version-history":[{"count":15,"href":"https:\/\/signals2trade.com\/de\/es\/wp-json\/wp\/v2\/pages\/1276\/revisions"}],"predecessor-version":[{"id":1366,"href":"https:\/\/signals2trade.com\/de\/es\/wp-json\/wp\/v2\/pages\/1276\/revisions\/1366"}],"wp:attachment":[{"href":"https:\/\/signals2trade.com\/de\/es\/wp-json\/wp\/v2\/media?parent=1276"}],"curies":[{"name":"wp","href":"https:\/\/api.w.org\/{rel}","templated":true}]}}