{"id":1275,"date":"2024-08-19T22:47:30","date_gmt":"2024-08-19T21:47:30","guid":{"rendered":"https:\/\/signals2trade.com\/?page_id=1275"},"modified":"2024-08-20T07:49:01","modified_gmt":"2024-08-20T06:49:01","slug":"legal","status":"publish","type":"page","link":"https:\/\/signals2trade.com\/de\/es\/legal\/","title":{"rendered":"Legal"},"content":{"rendered":"<div data-elementor-type=\"wp-page\" data-elementor-id=\"1275\" class=\"elementor elementor-1275\" data-elementor-post-type=\"page\">\n\t\t\t\t<div class=\"elementor-element elementor-element-854fc64 e-flex e-con-boxed e-con e-parent\" data-id=\"854fc64\" data-element_type=\"container\" data-e-type=\"container\">\n\t\t\t\t\t<div class=\"e-con-inner\">\n\t\t\t\t<div class=\"elementor-element elementor-element-add7b5e elementor-widget elementor-widget-heading\" data-id=\"add7b5e\" data-element_type=\"widget\" data-e-type=\"widget\" data-widget_type=\"heading.default\">\n\t\t\t\t<div class=\"elementor-widget-container\">\n\t\t\t\t\t<h2 class=\"elementor-heading-title elementor-size-default\">Legal<\/h2>\t\t\t\t<\/div>\n\t\t\t\t<\/div>\n\t\t\t\t<div class=\"elementor-element elementor-element-1eee466 elementor-widget__width-inherit elementor-widget-tablet__width-inherit elementor-widget elementor-widget-text-editor\" data-id=\"1eee466\" data-element_type=\"widget\" data-e-type=\"widget\" data-widget_type=\"text-editor.default\">\n\t\t\t\t<div class=\"elementor-widget-container\">\n\t\t\t\t\t\t\t\t\t<style>\n<!-- \/* Font Definitions *\/ @font-face {font-family:Wingdings; panose-1:5 0 0 0 0 0 0 0 0 0;} @font-face {font-family:PMingLiU; panose-1:2 2 5 0 0 0 0 0 0 0;} @font-face {font-family:\"Cambria Math\"; panose-1:2 4 5 3 5 4 6 3 2 4;} @font-face {font-family:Aptos;} @font-face {font-family:\"Open Sans\";} @font-face {font-family:\"\\@PMingLiU\"; panose-1:2 1 6 1 0 1 1 1 1 1;} \/* Style Definitions *\/ p.MsoNormal, li.MsoNormal, div.MsoNormal {margin-top:0cm; margin-right:0cm; margin-bottom:8.0pt; margin-left:0cm; line-height:107%; font-size:11.0pt; font-family:\"Aptos\",sans-serif;} h4 {mso-style-link:\"\u00dcberschrift 4 Zchn\"; margin-top:4.0pt; margin-right:0cm; margin-bottom:2.0pt; margin-left:0cm; line-height:107%; page-break-after:avoid; font-size:11.0pt; font-family:\"Aptos\",sans-serif; color:#0F4761; font-weight:normal; font-style:italic;} span.berschrift4Zchn {mso-style-name:\"\u00dcberschrift 4 Zchn\"; mso-style-link:\"\u00dcberschrift 4\"; font-family:\"PMingLiU\",serif; color:#0F4761; font-style:italic;} .MsoChpDefault {font-family:\"Aptos\",sans-serif;} .MsoPapDefault {margin-bottom:8.0pt; line-height:107%;} @page WordSection1 {size:595.3pt 841.9pt; margin:70.85pt 70.85pt 2.0cm 70.85pt;} div.WordSection1 {page:WordSection1;} \/* List Definitions *\/ ol {margin-bottom:0cm;} ul {margin-bottom:0cm;} --><br \/>\n<\/style>\n\n&nbsp;\n\n&nbsp;\n<div class=\"WordSection1\">\n<p class=\"MsoNormal\" style=\"margin-bottom: 21.0pt; line-height: normal; background: white; vertical-align: baseline;\"><span lang=\"EN-US\" style=\"font-size: 12.0pt; font-family: Roboto; color: black;\">Advertencia de riesgo: Los productos mostrados se negocian con margen y conllevan un alto nivel de riesgo.\ny conllevan un alto nivel de riesgo, por lo que es posible que pierda todo su capital.\ncapital. Estos productos pueden no ser adecuados para todo el mundo y debe asegurarse de que comprende los riesgos que conllevan.\nde que comprende los riesgos que conllevan.<\/span><\/p>\n<p class=\"MsoNormal\" style=\"margin-bottom: 21.0pt; line-height: normal; background: white; vertical-align: baseline;\"><span lang=\"EN-US\" style=\"font-size: 12.0pt; font-family: Roboto; color: black;\">Si The Fund Holding Ltd. operara en la\nUE no necesitar\u00eda una licencia debido a la normativa especial del EEE, donde se public\u00f3 una\ndeclaraci\u00f3n oficial del regulador alem\u00e1n BaFin, que por un lado describe el modelo de negocio de\nun lado describe el modelo de negocio de The Funds Holding Ltd. Este Business\nno requiere licencia seg\u00fan las normas MiFID II de la UE, de acuerdo con otra\ndeclaraci\u00f3n del regulador alem\u00e1n de productos financieros. Ambas declaraciones pueden\na continuaci\u00f3n<\/span><\/p>\n<p class=\"MsoNormal\" style=\"margin-bottom: 21.0pt; line-height: normal; background: white; vertical-align: baseline;\"><span lang=\"EN-US\" style=\"font-size: 12.0pt; font-family: Roboto; color: black;\">https:\/\/www.bafin.de\/DE\/Aufsicht\/FinTech\/Geschaeftsmodelle\/BeratungsHandelssysteme\/BeratungsHandelssysteme_node.html<\/span><\/p>\n<p class=\"MsoNormal\" style=\"margin-bottom: 21.0pt; line-height: normal; background: white; vertical-align: baseline;\"><span lang=\"EN-US\" style=\"font-size: 12.0pt; font-family: Roboto; color: black;\">https:\/\/www.bafin.de\/DE\/Verbraucher\/Finanzwissen\/Fintech\/SocialTrading\/social_trading_node.html<\/span><\/p>\n<p class=\"MsoNormal\" style=\"margin-bottom: 21.0pt; line-height: normal; background: white; vertical-align: baseline;\"><span lang=\"EN-US\" style=\"font-size: 12.0pt; font-family: Roboto; color: black;\">The Funds Holding Ltd. podr\u00eda divulgar su propia\ncartera de valores y ejecuta p\u00fablicamente decisiones de negociaci\u00f3n y\nde valores. En principio, esto no constituye una actividad empresarial que\nrequiere autorizaci\u00f3n en virtud de la KWG o la WpIG.<\/span><\/p>\n<p class=\"MsoNormal\" style=\"margin-bottom: 21.0pt; line-height: normal; background: white; vertical-align: baseline;\"><span lang=\"EN-US\" style=\"font-size: 12.0pt; font-family: Roboto; color: black;\">Still The Funds Holding Ltd. no est\u00e1 dirigida a\nresidentes en el Reino Unido y la UE, donde no tiene licencia y podr\u00eda quedar fuera del marco normativo europeo de la MiFID II y la FCA brit\u00e1nica.\ndel marco regulador europeo MiFID II y brit\u00e1nico FCA. The Funds Holding\nLtd. no ofrece sus servicios a residentes de determinadas jurisdicciones como\nAfganist\u00e1n, Albania, Samoa Americana, Australia, Bielorrusia, Bermudas, Bosnia y Herzegovina, Botsuana, Candao, Serbia y Montenegro.\nHerzegovina, Botsuana, Canda, Rep\u00fablica Centroafricana, China, Crimea y Sebastopol, Cuba, Norte de \u00c1frica, Sud\u00e1n, Sud\u00e1n del Sur y Sud\u00e1n del Sur.\nSebastopol, Cuba, Corea del Norte, Rep\u00fablica Democr\u00e1tica del Congo, Egipto,\nEritrea, Antigua Rep\u00fablica Federativa de Yugoslavia, Guinea-Bissau, Ir\u00e1n, Irak, ISIL\n(Daesh) y Al-Qaida, L\u00edbano, Libia, Montenegro, Myanmar, Corea del Norte,\nRusia, Serbia, Sebastopol, Sierra Leona, Somalia, Sud\u00e1n del Sur, Sud\u00e1n, Siria,\nLos talibanes, Estados Unidos, T\u00fanez, Ucrania, Islas V\u00edrgenes estadounidenses, Yemen,\nZimbabue.<\/span><\/p>\n<p class=\"MsoNormal\"><span lang=\"EN-US\">\u00a0<\/span><\/p>\n\n<\/div>\n&nbsp;\n\n&nbsp;\t\t\t\t\t\t\t\t<\/div>\n\t\t\t\t<\/div>\n\t\t\t\t\t<\/div>\n\t\t\t\t<\/div>\n\t\t\t\t<\/div>","protected":false},"excerpt":{"rendered":"<p>Legal &nbsp; &nbsp; Risk Warning: Shown products are traded on margin and carry a high level of risk and it is possible to lose all your capital. These products may not be suitable for everyone and you should ensure that you understand the risks involved. If The Fund Holding Ltd. would operate in the EU [&hellip;]<\/p>\n","protected":false},"author":1,"featured_media":0,"parent":0,"menu_order":0,"comment_status":"closed","ping_status":"closed","template":"elementor_header_footer","meta":{"footnotes":""},"class_list":["post-1275","page","type-page","status-publish","hentry"],"_links":{"self":[{"href":"https:\/\/signals2trade.com\/de\/es\/wp-json\/wp\/v2\/pages\/1275","targetHints":{"allow":["GET"]}}],"collection":[{"href":"https:\/\/signals2trade.com\/de\/es\/wp-json\/wp\/v2\/pages"}],"about":[{"href":"https:\/\/signals2trade.com\/de\/es\/wp-json\/wp\/v2\/types\/page"}],"author":[{"embeddable":true,"href":"https:\/\/signals2trade.com\/de\/es\/wp-json\/wp\/v2\/users\/1"}],"replies":[{"embeddable":true,"href":"https:\/\/signals2trade.com\/de\/es\/wp-json\/wp\/v2\/comments?post=1275"}],"version-history":[{"count":11,"href":"https:\/\/signals2trade.com\/de\/es\/wp-json\/wp\/v2\/pages\/1275\/revisions"}],"predecessor-version":[{"id":1365,"href":"https:\/\/signals2trade.com\/de\/es\/wp-json\/wp\/v2\/pages\/1275\/revisions\/1365"}],"wp:attachment":[{"href":"https:\/\/signals2trade.com\/de\/es\/wp-json\/wp\/v2\/media?parent=1275"}],"curies":[{"name":"wp","href":"https:\/\/api.w.org\/{rel}","templated":true}]}}